{"id":19451,"date":"2024-06-27T13:17:09","date_gmt":"2024-06-27T11:17:09","guid":{"rendered":"https:\/\/gimnazijatvrdjava.edu.rs\/impressions-of-professors-at-tvrdava-gymnasium\/"},"modified":"2025-09-08T09:24:19","modified_gmt":"2025-09-08T07:24:19","slug":"impressions-of-professors-at-tvrdava-gymnasium","status":"publish","type":"page","link":"https:\/\/gimnazijatvrdjava.edu.rs\/en\/impressions-of-professors-at-tvrdava-gymnasium\/","title":{"rendered":"Impressions of Professors at Tvr\u0111ava Gymnasium"},"content":{"rendered":"\t\t<div data-elementor-type=\"wp-page\" data-elementor-id=\"19451\" class=\"elementor elementor-19451 elementor-13817\" data-elementor-post-type=\"page\">\n\t\t\t\t\t\t<section data-particle_enable=\"false\" data-particle-mobile-disabled=\"false\" class=\"elementor-section elementor-top-section elementor-element elementor-element-27d8c0d elementor-section-height-min-height elementor-section-boxed elementor-section-height-default elementor-section-items-middle exad-glass-effect-no\" data-id=\"27d8c0d\" data-element_type=\"section\" data-e-type=\"section\" data-settings=\"{&quot;background_background&quot;:&quot;classic&quot;,&quot;shape_divider_bottom&quot;:&quot;tilt&quot;}\">\n\t\t\t\t\t\t\t<div class=\"elementor-background-overlay\"><\/div>\n\t\t\t\t\t\t<div class=\"elementor-shape elementor-shape-bottom\" aria-hidden=\"true\" data-negative=\"false\">\n\t\t\t<svg xmlns=\"http:\/\/www.w3.org\/2000\/svg\" viewBox=\"0 0 1000 100\" preserveAspectRatio=\"none\">\n\t<path class=\"elementor-shape-fill\" d=\"M0,6V0h1000v100L0,6z\"\/>\n<\/svg>\t\t<\/div>\n\t\t\t\t\t<div class=\"elementor-container elementor-column-gap-default\">\n\t\t\t\t\t<div class=\"elementor-column elementor-col-50 elementor-top-column elementor-element elementor-element-93a66d5 exad-glass-effect-no\" data-id=\"93a66d5\" data-element_type=\"column\" data-e-type=\"column\">\n\t\t\t<div class=\"elementor-widget-wrap elementor-element-populated\">\n\t\t\t\t\t\t<div class=\"elementor-element elementor-element-28cf193 oblik-zuta exad-glass-effect-no elementor-widget elementor-widget-image\" data-id=\"28cf193\" data-element_type=\"widget\" data-e-type=\"widget\" data-widget_type=\"image.default\">\n\t\t\t\t<div class=\"elementor-widget-container\">\n\t\t\t\t\t\t\t\t\t\t\t\t\t\t\t<img fetchpriority=\"high\" decoding=\"async\" width=\"1199\" height=\"800\" src=\"https:\/\/gimnazijatvrdjava.edu.rs\/wp-content\/uploads\/iskustva-nastavnika-privatne-gimazije-tvrdjava.jpg\" class=\"attachment-full size-full wp-image-18602\" alt=\"iskustva nastavnika privatne gimazije tvrdjava\" srcset=\"https:\/\/gimnazijatvrdjava.edu.rs\/wp-content\/uploads\/iskustva-nastavnika-privatne-gimazije-tvrdjava.jpg 1199w, https:\/\/gimnazijatvrdjava.edu.rs\/wp-content\/uploads\/iskustva-nastavnika-privatne-gimazije-tvrdjava-300x200.jpg 300w, https:\/\/gimnazijatvrdjava.edu.rs\/wp-content\/uploads\/iskustva-nastavnika-privatne-gimazije-tvrdjava-1024x683.jpg 1024w, https:\/\/gimnazijatvrdjava.edu.rs\/wp-content\/uploads\/iskustva-nastavnika-privatne-gimazije-tvrdjava-768x512.jpg 768w\" sizes=\"(max-width: 1199px) 100vw, 1199px\" \/>\t\t\t\t\t\t\t\t\t\t\t\t\t\t\t<\/div>\n\t\t\t\t<\/div>\n\t\t\t\t\t<\/div>\n\t\t<\/div>\n\t\t\t\t<div class=\"elementor-column elementor-col-50 elementor-top-column elementor-element elementor-element-3e185f0 exad-glass-effect-no\" data-id=\"3e185f0\" data-element_type=\"column\" data-e-type=\"column\">\n\t\t\t<div class=\"elementor-widget-wrap elementor-element-populated\">\n\t\t\t\t\t\t<div class=\"elementor-element elementor-element-86300b2 exad-glass-effect-no elementor-widget elementor-widget-heading\" data-id=\"86300b2\" data-element_type=\"widget\" data-e-type=\"widget\" data-widget_type=\"heading.default\">\n\t\t\t\t<div class=\"elementor-widget-container\">\n\t\t\t\t\t<h1 class=\"elementor-heading-title elementor-size-default\"> Learn more about the School through the Impressions of Professors at Tvr\u0111ava Gymnasium<\/h1>\t\t\t\t<\/div>\n\t\t\t\t<\/div>\n\t\t\t\t<div class=\"elementor-element elementor-element-86e43e7 exad-glass-effect-no elementor-widget elementor-widget-text-editor\" data-id=\"86e43e7\" data-element_type=\"widget\" data-e-type=\"widget\" data-widget_type=\"text-editor.default\">\n\t\t\t\t<div class=\"elementor-widget-container\">\n\t\t\t\t\t\t\t\t\t<p>See the quality of education through the stories of teachers at Tvr\u0111ava Gymnasium.<\/p><p>Watch their honest videos about the satisfaction and benefits of this school.<\/p>\t\t\t\t\t\t\t\t<\/div>\n\t\t\t\t<\/div>\n\t\t\t\t\t<\/div>\n\t\t<\/div>\n\t\t\t\t\t<\/div>\n\t\t<\/section>\n\t\t\t\t<section data-particle_enable=\"false\" data-particle-mobile-disabled=\"false\" class=\"elementor-section elementor-top-section elementor-element elementor-element-5347fc9 elementor-reverse-mobile elementor-section-boxed elementor-section-height-default elementor-section-height-default exad-glass-effect-no\" data-id=\"5347fc9\" data-element_type=\"section\" data-e-type=\"section\">\n\t\t\t\t\t\t<div class=\"elementor-container elementor-column-gap-default\">\n\t\t\t\t\t<div class=\"elementor-column elementor-col-100 elementor-top-column elementor-element elementor-element-069273f exad-glass-effect-no\" data-id=\"069273f\" data-element_type=\"column\" data-e-type=\"column\">\n\t\t\t<div class=\"elementor-widget-wrap elementor-element-populated\">\n\t\t\t\t\t\t<div class=\"elementor-element elementor-element-5222680 exad-glass-effect-no elementor-widget elementor-widget-heading\" data-id=\"5222680\" data-element_type=\"widget\" data-e-type=\"widget\" data-widget_type=\"heading.default\">\n\t\t\t\t<div class=\"elementor-widget-container\">\n\t\t\t\t\t<h2 class=\"elementor-heading-title elementor-size-default\">Experiences of Professors: What Do They Say about Tvr\u0111ava Gymnasium?\n<\/h2>\t\t\t\t<\/div>\n\t\t\t\t<\/div>\n\t\t\t\t<div class=\"elementor-element elementor-element-c2d603a exad-glass-effect-no elementor-widget elementor-widget-text-editor\" data-id=\"c2d603a\" data-element_type=\"widget\" data-e-type=\"widget\" data-widget_type=\"text-editor.default\">\n\t\t\t\t<div class=\"elementor-widget-container\">\n\t\t\t\t\t\t\t\t\t<p>Tvr\u0111ava Private Gymnasium nurtures quality education, innovative teaching methods, and dedication to each student. Our mission is to create an inspiring environment that encourages academic and personal growth. <\/p><p>Here&#8217;s what our professors say about their experience at Tvr\u0111ava Gymnasium:<\/p>\t\t\t\t\t\t\t\t<\/div>\n\t\t\t\t<\/div>\n\t\t\t\t\t<\/div>\n\t\t<\/div>\n\t\t\t\t\t<\/div>\n\t\t<\/section>\n\t\t\t\t<section data-particle_enable=\"false\" data-particle-mobile-disabled=\"false\" class=\"elementor-section elementor-top-section elementor-element elementor-element-9fcb3ab elementor-section-boxed elementor-section-height-default elementor-section-height-default exad-glass-effect-no\" data-id=\"9fcb3ab\" data-element_type=\"section\" data-e-type=\"section\">\n\t\t\t\t\t\t<div class=\"elementor-container elementor-column-gap-default\">\n\t\t\t\t\t<div class=\"elementor-column elementor-col-50 elementor-top-column elementor-element elementor-element-6eee08f exad-glass-effect-no\" data-id=\"6eee08f\" data-element_type=\"column\" data-e-type=\"column\">\n\t\t\t<div class=\"elementor-widget-wrap elementor-element-populated\">\n\t\t\t\t\t\t<div class=\"elementor-element elementor-element-93c9525 exad-glass-effect-no elementor-widget elementor-widget-exad-exclusive-card\" data-id=\"93c9525\" data-element_type=\"widget\" data-e-type=\"widget\" data-widget_type=\"exad-exclusive-card.default\">\n\t\t\t\t<div class=\"elementor-widget-container\">\n\t\t\t\t\t\r\n\t\t<div class=\"exad-card left default \">\r\n\t\t\t\t        \t<div class=\"exad-card-thumb\">\r\n\t\t\t\t\t<img decoding=\"async\" width=\"768\" height=\"960\" src=\"https:\/\/gimnazijatvrdjava.edu.rs\/wp-content\/uploads\/filip-djordjevic-768x960.jpg\" class=\"attachment-medium_large size-medium_large wp-image-11886\" alt=\"Filip \u0110or\u0111evi\u0107 - Nastavnik Gimnazije Tvr\u0111ave\" srcset=\"https:\/\/gimnazijatvrdjava.edu.rs\/wp-content\/uploads\/filip-djordjevic-768x960.jpg 768w, https:\/\/gimnazijatvrdjava.edu.rs\/wp-content\/uploads\/filip-djordjevic-240x300.jpg 240w, https:\/\/gimnazijatvrdjava.edu.rs\/wp-content\/uploads\/filip-djordjevic-819x1024.jpg 819w, https:\/\/gimnazijatvrdjava.edu.rs\/wp-content\/uploads\/filip-djordjevic.jpg 960w\" sizes=\"(max-width: 768px) 100vw, 768px\" \/>\t\t\t\t<\/div>\r\n\t\t\t\r\n          \t<div class=\"exad-card-body\">\r\n\t\t\t  \t\t          \t\t<a class=\"exad-card-title\">\r\n\t            \t\t<span>Filip \u0110or\u0111evi\u0107\t\t\t\t\t\t<\/span>\r\n\t        \t\t<\/a>\r\n\t\t\t\t\t<p class=\"exad-card-tag\">Professor of programming subjects<\/p><div class=\"exad-card-description\">Working at Tvr\u0111ava Gymnasium gives me special satisfaction and fulfillment, which comes from the opportunity to prepare students for college, in terms of functional knowledge and the intensity of work in the field of programming and professional computer subjects. I am also fulfilled by the freedom I have in the implementation of teaching, where I am more guided by practice and examples that develop programming \"logic\", which will benefit students in their further education and later in their work in the industry. On the other hand, I also bring board games into the classroom, and I am happiest with the fact that students who think and participate are waiting for me in the classroom, and quality people with whom I gladly socialize even outside of class are in the staff room.   \n<\/div>          \t<\/div>\r\n        <\/div>\r\n\t\t\t\t\t<\/div>\n\t\t\t\t<\/div>\n\t\t\t\t<div class=\"elementor-element elementor-element-af994f7 exad-glass-effect-no elementor-widget elementor-widget-exad-exclusive-card\" data-id=\"af994f7\" data-element_type=\"widget\" data-e-type=\"widget\" data-widget_type=\"exad-exclusive-card.default\">\n\t\t\t\t<div class=\"elementor-widget-container\">\n\t\t\t\t\t\r\n\t\t<div class=\"exad-card left default \">\r\n\t\t\t\t        \t<div class=\"exad-card-thumb\">\r\n\t\t\t\t\t<img decoding=\"async\" width=\"768\" height=\"960\" src=\"https:\/\/gimnazijatvrdjava.edu.rs\/wp-content\/uploads\/ana-savic-768x960.jpg\" class=\"attachment-medium_large size-medium_large wp-image-11868\" alt=\"Ana Savi\u0107 - Ra\u010dunarski predmeti\" srcset=\"https:\/\/gimnazijatvrdjava.edu.rs\/wp-content\/uploads\/ana-savic-768x960.jpg 768w, https:\/\/gimnazijatvrdjava.edu.rs\/wp-content\/uploads\/ana-savic-240x300.jpg 240w, https:\/\/gimnazijatvrdjava.edu.rs\/wp-content\/uploads\/ana-savic-819x1024.jpg 819w, https:\/\/gimnazijatvrdjava.edu.rs\/wp-content\/uploads\/ana-savic.jpg 960w\" sizes=\"(max-width: 768px) 100vw, 768px\" \/>\t\t\t\t<\/div>\r\n\t\t\t\r\n          \t<div class=\"exad-card-body\">\r\n\t\t\t  \t\t          \t\t<a class=\"exad-card-title\">\r\n\t            \t\t<span>Ana Savi\u0107\t\t\t\t\t\t<\/span>\r\n\t        \t\t<\/a>\r\n\t\t\t\t\t<p class=\"exad-card-tag\">Professor of computer subjects<\/p><div class=\"exad-card-description\">For me, working at the \"Tvr\u0111ava\" Gymnasium is an exceptional experience filled with a positive working atmosphere and the support of a great team. What I would especially like to emphasize is the team spirit and cooperation among colleagues, which contribute to creating a friendly and stimulating working environment. Professional development is at a high level, which enables us to constantly improve our skills and knowledge, which contributes to the quality of education of our students. Because of all this, I can freely say that the \"Tvr\u0111ava\" Gymnasium is an excellent place for work and professional development.   \n<\/div>          \t<\/div>\r\n        <\/div>\r\n\t\t\t\t\t<\/div>\n\t\t\t\t<\/div>\n\t\t\t\t<div class=\"elementor-element elementor-element-4dd2bd9 exad-glass-effect-no elementor-widget elementor-widget-exad-exclusive-card\" data-id=\"4dd2bd9\" data-element_type=\"widget\" data-e-type=\"widget\" data-widget_type=\"exad-exclusive-card.default\">\n\t\t\t\t<div class=\"elementor-widget-container\">\n\t\t\t\t\t\r\n\t\t<div class=\"exad-card left default \">\r\n\t\t\t\t        \t<div class=\"exad-card-thumb\">\r\n\t\t\t\t\t<img loading=\"lazy\" decoding=\"async\" width=\"768\" height=\"960\" src=\"https:\/\/gimnazijatvrdjava.edu.rs\/wp-content\/uploads\/jelena-petrovic-768x960.jpg\" class=\"attachment-medium_large size-medium_large wp-image-11878\" alt=\"Jelena Petrovi\u0107 - Matematika\" srcset=\"https:\/\/gimnazijatvrdjava.edu.rs\/wp-content\/uploads\/jelena-petrovic-768x960.jpg 768w, https:\/\/gimnazijatvrdjava.edu.rs\/wp-content\/uploads\/jelena-petrovic-240x300.jpg 240w, https:\/\/gimnazijatvrdjava.edu.rs\/wp-content\/uploads\/jelena-petrovic-819x1024.jpg 819w, https:\/\/gimnazijatvrdjava.edu.rs\/wp-content\/uploads\/jelena-petrovic.jpg 960w\" sizes=\"(max-width: 768px) 100vw, 768px\" \/>\t\t\t\t<\/div>\r\n\t\t\t\r\n          \t<div class=\"exad-card-body\">\r\n\t\t\t  \t\t          \t\t<a class=\"exad-card-title\">\r\n\t            \t\t<span>Jelena Petrovi\u0107\t\t\t\t\t\t<\/span>\r\n\t        \t\t<\/a>\r\n\t\t\t\t\t<p class=\"exad-card-tag\">Professor of mathematics<\/p><div class=\"exad-card-description\">Working at the \"Tvr\u0111ava\" Gymnasium provides numerous opportunities for professional development, which further motivates me to constantly improve my skills and knowledge in my subject. In this school, I have the opportunity to express my creativity through work, designing innovative teaching methods and holding joint classes with colleagues. The team is made up of enthusiastic and dedicated people who support each other and exchange ideas, so I would especially like to emphasize the positive energy that prevails among the teachers. For me, this school is not just a place of work, but also a community in which I feel fulfilled, inspired, and supported.   <\/div>          \t<\/div>\r\n        <\/div>\r\n\t\t\t\t\t<\/div>\n\t\t\t\t<\/div>\n\t\t\t\t\t<\/div>\n\t\t<\/div>\n\t\t\t\t<div class=\"elementor-column elementor-col-50 elementor-top-column elementor-element elementor-element-34af2e1 exad-glass-effect-no\" data-id=\"34af2e1\" data-element_type=\"column\" data-e-type=\"column\">\n\t\t\t<div class=\"elementor-widget-wrap elementor-element-populated\">\n\t\t\t\t\t\t<div class=\"elementor-element elementor-element-b0a851f exad-glass-effect-no elementor-widget elementor-widget-exad-exclusive-card\" data-id=\"b0a851f\" data-element_type=\"widget\" data-e-type=\"widget\" data-widget_type=\"exad-exclusive-card.default\">\n\t\t\t\t<div class=\"elementor-widget-container\">\n\t\t\t\t\t\r\n\t\t<div class=\"exad-card left default \">\r\n\t\t\t\t        \t<div class=\"exad-card-thumb\">\r\n\t\t\t\t\t<img loading=\"lazy\" decoding=\"async\" width=\"768\" height=\"960\" src=\"https:\/\/gimnazijatvrdjava.edu.rs\/wp-content\/uploads\/gordana-milosevic-768x960.jpg\" class=\"attachment-medium_large size-medium_large wp-image-11884\" alt=\"Gordana Milo\u0161evi\u0107 - Nastavnica hemije\" srcset=\"https:\/\/gimnazijatvrdjava.edu.rs\/wp-content\/uploads\/gordana-milosevic-768x960.jpg 768w, https:\/\/gimnazijatvrdjava.edu.rs\/wp-content\/uploads\/gordana-milosevic-240x300.jpg 240w, https:\/\/gimnazijatvrdjava.edu.rs\/wp-content\/uploads\/gordana-milosevic-819x1024.jpg 819w, https:\/\/gimnazijatvrdjava.edu.rs\/wp-content\/uploads\/gordana-milosevic.jpg 960w\" sizes=\"(max-width: 768px) 100vw, 768px\" \/>\t\t\t\t<\/div>\r\n\t\t\t\r\n          \t<div class=\"exad-card-body\">\r\n\t\t\t  \t\t          \t\t<a class=\"exad-card-title\">\r\n\t            \t\t<span>Gordana Milo\u0161evi\u0107\t\t\t\t\t\t<\/span>\r\n\t        \t\t<\/a>\r\n\t\t\t\t\t<p class=\"exad-card-tag\">Professor of chemistry<\/p><div class=\"exad-card-description\">Working at the \"Tvr\u0111ava\" Gymnasium allows me to constantly work on myself and push the boundaries of my skills as a lecturer and pedagogue. I believe that a prerequisite for a healthy and stimulating environment for students is a quality teaching staff that cooperates at all levels of the school's work, and whose common goal is to form quality people ready for life and its challenges. <\/div>          \t<\/div>\r\n        <\/div>\r\n\t\t\t\t\t<\/div>\n\t\t\t\t<\/div>\n\t\t\t\t<div class=\"elementor-element elementor-element-3d6b07a exad-glass-effect-no elementor-widget elementor-widget-exad-exclusive-card\" data-id=\"3d6b07a\" data-element_type=\"widget\" data-e-type=\"widget\" data-widget_type=\"exad-exclusive-card.default\">\n\t\t\t\t<div class=\"elementor-widget-container\">\n\t\t\t\t\t\r\n\t\t<div class=\"exad-card left default \">\r\n\t\t\t\t        \t<div class=\"exad-card-thumb\">\r\n\t\t\t\t\t<img loading=\"lazy\" decoding=\"async\" width=\"768\" height=\"960\" src=\"https:\/\/gimnazijatvrdjava.edu.rs\/wp-content\/uploads\/sanja-djukic-768x960.jpg\" class=\"attachment-medium_large size-medium_large wp-image-11881\" alt=\"Sanja \u0110uki\u0107 - Srpski jezik i knji\u017eevnost\" srcset=\"https:\/\/gimnazijatvrdjava.edu.rs\/wp-content\/uploads\/sanja-djukic-768x960.jpg 768w, https:\/\/gimnazijatvrdjava.edu.rs\/wp-content\/uploads\/sanja-djukic-240x300.jpg 240w, https:\/\/gimnazijatvrdjava.edu.rs\/wp-content\/uploads\/sanja-djukic-819x1024.jpg 819w, https:\/\/gimnazijatvrdjava.edu.rs\/wp-content\/uploads\/sanja-djukic.jpg 960w\" sizes=\"(max-width: 768px) 100vw, 768px\" \/>\t\t\t\t<\/div>\r\n\t\t\t\r\n          \t<div class=\"exad-card-body\">\r\n\t\t\t  \t\t          \t\t<a class=\"exad-card-title\">\r\n\t            \t\t<span>Sanja \u0110uki\u0107\t\t\t\t\t\t<\/span>\r\n\t        \t\t<\/a>\r\n\t\t\t\t\t<p class=\"exad-card-tag\">Professor of Serbian language and literature<\/p><div class=\"exad-card-description\">At the \"Tvr\u0111ava\" Gymnasium, a teacher has the opportunity to constantly grow and develop professionally in a supportive environment, a warm and collegial atmosphere. With the application of new technologies, innovative resources, and constant opportunities to improve one's own work, and constant understanding, kind words, and support from both colleagues and the school administration, the teacher not only gladly performs all their duties, but also does their job with great satisfaction! On the other hand, part of my job is extracurricular and project activities, and there the fun and enjoyment are unlimited! Thanks to the freedom in approach, socializing with students, and the variety of content, for me this is truly a job that is done with joy and enthusiasm.    <\/div>          \t<\/div>\r\n        <\/div>\r\n\t\t\t\t\t<\/div>\n\t\t\t\t<\/div>\n\t\t\t\t<div class=\"elementor-element elementor-element-713a878 exad-glass-effect-no elementor-widget elementor-widget-exad-exclusive-card\" data-id=\"713a878\" data-element_type=\"widget\" data-e-type=\"widget\" data-widget_type=\"exad-exclusive-card.default\">\n\t\t\t\t<div class=\"elementor-widget-container\">\n\t\t\t\t\t\r\n\t\t<div class=\"exad-card left default \">\r\n\t\t\t\t        \t<div class=\"exad-card-thumb\">\r\n\t\t\t\t\t<img loading=\"lazy\" decoding=\"async\" width=\"768\" height=\"960\" src=\"https:\/\/gimnazijatvrdjava.edu.rs\/wp-content\/uploads\/dragana-velcek-768x960.jpg\" class=\"attachment-medium_large size-medium_large wp-image-11872\" alt=\"Dragana Vel\u010dek - Biologija i hemija\" srcset=\"https:\/\/gimnazijatvrdjava.edu.rs\/wp-content\/uploads\/dragana-velcek-768x960.jpg 768w, https:\/\/gimnazijatvrdjava.edu.rs\/wp-content\/uploads\/dragana-velcek-240x300.jpg 240w, https:\/\/gimnazijatvrdjava.edu.rs\/wp-content\/uploads\/dragana-velcek-819x1024.jpg 819w, https:\/\/gimnazijatvrdjava.edu.rs\/wp-content\/uploads\/dragana-velcek.jpg 960w\" sizes=\"(max-width: 768px) 100vw, 768px\" \/>\t\t\t\t<\/div>\r\n\t\t\t\r\n          \t<div class=\"exad-card-body\">\r\n\t\t\t  \t\t          \t\t<a class=\"exad-card-title\">\r\n\t            \t\t<span>Dragana Vel\u010dek\t\t\t\t\t\t<\/span>\r\n\t        \t\t<\/a>\r\n\t\t\t\t\t<p class=\"exad-card-tag\">Professor of biology and chemistry<\/p><div class=\"exad-card-description\">Many people do some work just to survive and try to get through those 8 hours somehow. I do a job that I love! I do jobs that I trained for and that I am competent for. My jobs are defined and I know their importance, which helps me to do them responsibly and professionally. Team spirit and the feeling that you are part of a successful, positive, energetic team represent a special pleasure and a strong motive. We are all different, and that makes us stronger, successful, and we cooperate excellently. Mutual assistance, respect, and team decision-making are fostered in our environment. I really love this wonderful team! A special feeling is when you can start a conversation with your director about any topic and get his opinion or answer. That is the reason why I love my director primarily as a person and as a colleague, why I trust him, and why I appreciate him.         <\/div>          \t<\/div>\r\n        <\/div>\r\n\t\t\t\t\t<\/div>\n\t\t\t\t<\/div>\n\t\t\t\t\t<\/div>\n\t\t<\/div>\n\t\t\t\t\t<\/div>\n\t\t<\/section>\n\t\t\t\t<\/div>\n\t\t","protected":false},"excerpt":{"rendered":"<p>Learn more about the School through the Impressions of Professors at Tvr\u0111ava Gymnasium See the quality of education through the stories of teachers at Tvr\u0111ava Gymnasium. Watch their honest videos about the satisfaction and benefits of this school. Experiences of Professors: What Do They Say about Tvr\u0111ava Gymnasium? Tvr\u0111ava Private Gymnasium nurtures quality education, innovative [&hellip;]<\/p>\n","protected":false},"author":1,"featured_media":18596,"parent":0,"menu_order":0,"comment_status":"closed","ping_status":"closed","template":"","meta":{"_acf_changed":false,"footnotes":""},"class_list":["post-19451","page","type-page","status-publish","has-post-thumbnail","hentry"],"acf":[],"_links":{"self":[{"href":"https:\/\/gimnazijatvrdjava.edu.rs\/en\/wp-json\/wp\/v2\/pages\/19451","targetHints":{"allow":["GET"]}}],"collection":[{"href":"https:\/\/gimnazijatvrdjava.edu.rs\/en\/wp-json\/wp\/v2\/pages"}],"about":[{"href":"https:\/\/gimnazijatvrdjava.edu.rs\/en\/wp-json\/wp\/v2\/types\/page"}],"author":[{"embeddable":true,"href":"https:\/\/gimnazijatvrdjava.edu.rs\/en\/wp-json\/wp\/v2\/users\/1"}],"replies":[{"embeddable":true,"href":"https:\/\/gimnazijatvrdjava.edu.rs\/en\/wp-json\/wp\/v2\/comments?post=19451"}],"version-history":[{"count":1,"href":"https:\/\/gimnazijatvrdjava.edu.rs\/en\/wp-json\/wp\/v2\/pages\/19451\/revisions"}],"predecessor-version":[{"id":19452,"href":"https:\/\/gimnazijatvrdjava.edu.rs\/en\/wp-json\/wp\/v2\/pages\/19451\/revisions\/19452"}],"wp:featuredmedia":[{"embeddable":true,"href":"https:\/\/gimnazijatvrdjava.edu.rs\/en\/wp-json\/wp\/v2\/media\/18596"}],"wp:attachment":[{"href":"https:\/\/gimnazijatvrdjava.edu.rs\/en\/wp-json\/wp\/v2\/media?parent=19451"}],"curies":[{"name":"wp","href":"https:\/\/api.w.org\/{rel}","templated":true}]}}